{"id":1929,"date":"2023-08-06T17:13:35","date_gmt":"2023-08-06T17:13:35","guid":{"rendered":"https:\/\/academiaolhodehorus.com.br\/?page_id=1929"},"modified":"2023-08-07T02:02:05","modified_gmt":"2023-08-07T02:02:05","slug":"o-projeto","status":"publish","type":"page","link":"https:\/\/academiaolhodehorus.com.br\/index.php\/o-projeto\/","title":{"rendered":"O  Projeto"},"content":{"rendered":"\n<div class=\"wp-block-group alignwide has-background is-layout-constrained wp-container-1\" style=\"border-style:none;border-width:0px;border-radius:0px;background-color:#f2f0e9;padding-top:0;padding-right:0;padding-bottom:0;padding-left:0\">\n<hr class=\"wp-block-separator has-css-opacity is-style-default\"\/>\n\n\n\n<figure class=\"wp-block-image aligncenter size-thumbnail is-style-rounded\"><img decoding=\"async\" loading=\"lazy\" width=\"150\" height=\"150\" src=\"https:\/\/academiaolhodehorus.com.br\/wp-content\/uploads\/2023\/07\/IMG-20230703-WA0000-150x150.jpg\" alt=\"\" class=\"wp-image-20\"\/><\/figure>\n\n\n\n<blockquote class=\"wp-block-quote has-text-align-left is-style-large is-style-default\">\n<p class=\"has-text-align-left\" style=\"font-size:16px\"><strong>Por todas as Marias e todas Penhas do Brasil<\/strong><\/p>\n\n\n\n<p class=\"has-text-align-left\" style=\"font-size:16px\"><strong><em>Portal re\u00fane centenas de projetos bem-sucedidos, realizados nas \u00faltimas quatro d\u00e9cadas com foco no combate \u00e0s viol\u00eancias contra mulheres; e destaca cons\u00f3rcio que elaborou o anteprojeto que serviu como base para a Lei Maria da Penha<\/em><\/strong><\/p>\n\n\n\n<p class=\"has-text-align-left\" style=\"font-size:16px\">&#8211; Uma ONG, da cidade de S\u00e3o Paulo, que oferece tratamento odontol\u00f3gico integral e gratuito para reconstru\u00e7\u00e3o da denti\u00e7\u00e3o afetada durante as agress\u00f5es, \u00e0s mulheres que vivenciaram situa\u00e7\u00f5es de viol\u00eancia, em um programa chamado <a href=\"https:\/\/academiaolhodehorus.com.br\/index.php\/2023\/07\/19\/3o-setor-projetos-apolonias-do-bem\/\" target=\"_blank\" rel=\"noreferrer noopener\"><em>Apol\u00f4nias do Bem<\/em><\/a>.<\/p>\n\n\n\n<p class=\"has-text-align-left\" style=\"font-size:16px\">&#8211; Uma entidade, de nome <a href=\"https:\/\/academiaolhodehorus.com.br\/index.php\/2023\/07\/18\/3o-setor-instituicoes-beleza-escondida\/\" target=\"_blank\" rel=\"noreferrer noopener\"><em>Beleza Escondida<\/em><\/a>, baseada em Curitiba e com atividades espalhadas pelo Brasil, que atua h\u00e1 22 anos na prote\u00e7\u00e3o de mulheres em situa\u00e7\u00e3o de viol\u00eancia juntamente com seus filhos por meio de casas protetivas e disponibiliza apoio a essas v\u00edtimas para inser\u00e7\u00e3o no mercado de trabalho.<\/p>\n\n\n\n<p class=\"has-text-align-left\" style=\"font-size:16px\">&#8211; O coletivo <a href=\"https:\/\/academiaolhodehorus.com.br\/index.php\/2023\/07\/18\/3o-setor-instituicoes-nami-rede-feminista-de-arte-urbana\/\"><em>Rede N<\/em><\/a><em><a href=\"https:\/\/academiaolhodehorus.com.br\/index.php\/2023\/07\/18\/3o-setor-instituicoes-nami-rede-feminista-de-arte-urbana\/\" target=\"_blank\" rel=\"noreferrer noopener\">a<\/a><\/em><a href=\"https:\/\/academiaolhodehorus.com.br\/index.php\/2023\/07\/18\/3o-setor-instituicoes-nami-rede-feminista-de-arte-urbana\/\"><em>mi<\/em><\/a>, que no passado recente realizou, na capital carioca, uma exposi\u00e7\u00e3o de obras de arte retratando em pinturas hist\u00f3rias de v\u00edtimas de viol\u00eancia dom\u00e9stica.<\/p>\n\n\n\n<p class=\"has-text-align-left\" style=\"font-size:16px\">Essas e muitas outras organiza\u00e7\u00f5es \u2013 como o <a href=\"https:\/\/academiaolhodehorus.com.br\/index.php\/2023\/07\/18\/3o-setor-instituicoes-fundo-elas-fundo-angela-borba-de-recursos-para-mulheres\/\" target=\"_blank\" rel=\"noreferrer noopener\"><em>Fundo Elas+<\/em><\/a>, <a href=\"https:\/\/academiaolhodehorus.com.br\/index.php\/2023\/07\/18\/3o-setor-instituicoes-geledes-instituto-da-mulher-negra\/\" target=\"_blank\" rel=\"noreferrer noopener\"><em>Geled\u00e9s<\/em><\/a>, <a href=\"https:\/\/academiaolhodehorus.com.br\/index.php\/2023\/07\/08\/3o-setor-instituicoes-instituto-maria-penha\/\" target=\"_blank\" rel=\"noreferrer noopener\"><em>Instituto Maria da Penha<\/em><\/a>, <a href=\"https:\/\/academiaolhodehorus.com.br\/index.php\/2023\/07\/18\/3o-setor-instituicoes-instituto-patricia-galvao-comunicacao-e-midia\/\" target=\"_blank\" rel=\"noreferrer noopener\"><em>Instituto Patr\u00edcia Galv\u00e3o<\/em><\/a>, <a href=\"https:\/\/academiaolhodehorus.com.br\/index.php\/2023\/07\/18\/3o-setor-instituicoes-fbsp-forum-brasileiro-de-seguranca-publica\/\" target=\"_blank\" rel=\"noreferrer noopener\"><em>F\u00f3rum Brasileiro de Seguran\u00e7a P\u00fablica<\/em><\/a>, <a href=\"https:\/\/academiaolhodehorus.com.br\/index.php\/2023\/07\/18\/3o-setor-instituicoes-instituto-sabin\/\" target=\"_blank\" rel=\"noreferrer noopener\"><em>Instituto Sabin<\/em><\/a> \u2013,&nbsp; cada uma com sua voca\u00e7\u00e3o e com suas centenas de iniciativas realizadas pelo pa\u00eds, s\u00e3o exemplos de sucesso que podem servir como fonte de inspira\u00e7\u00e3o e conhecimento, al\u00e9m de acelerar a dissemina\u00e7\u00e3o de experi\u00eancias na luta pela erradica\u00e7\u00e3o de todas as formas de viol\u00eancia contra as mulheres.<\/p>\n\n\n\n<p class=\"has-text-align-left\" style=\"font-size:16px\">As entidades foram mapeadas e tiveram suas informa\u00e7\u00f5es pesquisadas e organizadas ao longo de quase tr\u00eas anos de trabalho e est\u00e3o catalogadas na <strong><em>ACADEMIA OLHO DE H\u00d3RUS<\/em><\/strong>, projeto lan\u00e7ado no dia 07 de agosto de 2023 (data em que se comemora a 17 anos da promulga\u00e7\u00e3o da <em>Lei Maria da Penha),<\/em> apresentando-se como um reposit\u00f3rio digital p\u00fablico, colaborativo e gratuito, com dados sobre institui\u00e7\u00f5es, especialistas e iniciativas relacionados aos temas.<\/p>\n\n\n\n<p class=\"has-text-align-left\" style=\"font-size:16px\">Na forma de um diret\u00f3rio web, o portal de conte\u00fado<strong> tem como principal<\/strong> <strong>prop\u00f3sito ser um vasto centro digital de informa\u00e7\u00f5es, conhecimentos e experi\u00eancias exitosas, e por meio do compartilhamento destas, fomentar a propaga\u00e7\u00e3o das melhores pr\u00e1ticas<\/strong>, al\u00e9m de reconhecer e promover entidades privadas e p\u00fablicas, profissionais e iniciativas <strong>que tenham contribu\u00eddo de forma significativa para a luta pelo fim do ass\u00e9dio sexual e da viol\u00eancia dom\u00e9stica<\/strong> cometidos contra pessoas de quaisquer g\u00eaneros.<\/p>\n\n\n\n<p class=\"has-text-align-left\" style=\"font-size:16px\">A <strong><em>ACADEMIA OLHO DE H\u00d3RUS<\/em><\/strong>, nasce com duas \u00e1reas de conte\u00fados complementares: <a href=\"https:\/\/academiaolhodehorus.com.br\/index.php\/galeria-do-saber\/\" target=\"_blank\" rel=\"noreferrer noopener\"><em>Galeria do Saber<\/em><\/a> e <a href=\"https:\/\/galeriaespecial.academiaolhodehorus.com.br\/\" target=\"_blank\" rel=\"noreferrer noopener\"><em>Galeria Especial<\/em><\/a>. A primeira disp\u00f5e de centenas de fichas com a descri\u00e7\u00e3o sum\u00e1ria da trajet\u00f3ria e atividades das entidades, seus projetos, e tamb\u00e9m biografias resumidas dos profissionais especialistas nos temas.<\/p>\n\n\n\n<p class=\"has-text-align-left\" style=\"font-size:16px\"><strong><u>GALERIA DO SABER<\/u><\/strong><\/p>\n\n\n\n<p class=\"has-text-align-left\" style=\"font-size:16px\">Inicialmente, a <a href=\"https:\/\/academiaolhodehorus.com.br\/index.php\/galeria-do-saber\/\" target=\"_blank\" rel=\"noreferrer noopener\"><em>Galeria do Saber<\/em><\/a><strong> est\u00e1 sendo disponibilizada com a categoria <em>Terceiro Setor<\/em>, contendo 65 ONGs, 50 especialistas e 166 projetos, somando 281 fichas descritivas<em>.<\/em><\/strong><\/p>\n\n\n\n<p class=\"has-text-align-left\" style=\"font-size:16px\"><strong>O projeto prev\u00ea, no total, dez categorias<\/strong> com respectivas listas e fichas de entidades, profissionais e iniciativas. No futuro breve, as outras nove categorias ser\u00e3o publicadas e continuamente enriquecidas com dados. <strong>As pr\u00f3ximas categorias ser\u00e3o publicadas em outubro desse ano: <em>Operadores do Direito, Operadores do Executivo, Operadores do Legislativo e Consultorias Especializadas. <\/em><\/strong><em>E completando o projeto, em novembro ser\u00e3o divulgadas as categorias:<strong> Ve\u00edculos de Comunica\u00e7\u00e3o, Tecnologias e Inova\u00e7\u00e3o, Sa\u00fade, Pesquisas Acad\u00eamicas e Programas Corporativos<\/strong><\/em>.<\/p>\n\n\n\n<p class=\"has-text-align-left\" style=\"font-size:16px\"><strong><u>GALERIA ESPECIAL<\/u><\/strong><\/p>\n\n\n\n<p class=\"has-text-align-left\" style=\"font-size:16px\">A <strong><em>Galeria Especial<\/em><\/strong>, por sua vez, ser\u00e1 dedicada a apresenta\u00e7\u00e3o (sempre em datas emblem\u00e1ticas), com informa\u00e7\u00f5es aprofundadas, de institui\u00e7\u00f5es e especialistas que mere\u00e7am destaque e reconhecimento por feitos de grande impacto em prol dos direitos das mulheres e para a sociedade em geral.<\/p>\n\n\n\n<p class=\"has-text-align-left\" style=\"font-size:16px\">Na inaugura\u00e7\u00e3o desta se\u00e7\u00e3o,<strong> como forma de reconhecimento \u00e0s seis ONGs que originalmente formaram o CONS\u00d3RCIO LEI MARIA DA PENHA e as suas seis l\u00edderes\/representantes \u00e0 \u00e9poca, foi produzido um conte\u00fado especial destacando as trajet\u00f3rias e principais realiza\u00e7\u00f5es destas entidades e personalidades.<\/strong><\/p>\n<cite>\u2014 by Bystenders, <em>Editorial<\/em><\/cite><\/blockquote>\n\n\n\n<div style=\"height:10px\" aria-hidden=\"true\" class=\"wp-block-spacer\"><\/div>\n\n\n\n<div style=\"margin-top:0;margin-bottom:0;height:15px\" aria-hidden=\"true\" class=\"wp-block-spacer\"><\/div>\n\n\n\n<hr class=\"wp-block-separator has-css-opacity is-style-default\"\/>\n<\/div>\n","protected":false},"excerpt":{"rendered":"<p>Por todas as Marias e todas Penhas do Brasil Portal re\u00fane centenas de projetos bem-sucedidos, realizados nas \u00faltimas quatro d\u00e9cadas com foco no combate \u00e0s viol\u00eancias contra mulheres; e destaca cons\u00f3rcio que elaborou o anteprojeto que serviu como base para a Lei Maria da Penha &#8211; Uma ONG, da cidade de S\u00e3o Paulo, que oferece [&hellip;]<\/p>\n","protected":false},"author":2,"featured_media":0,"parent":0,"menu_order":0,"comment_status":"closed","ping_status":"closed","template":"","meta":[],"_links":{"self":[{"href":"https:\/\/academiaolhodehorus.com.br\/index.php\/wp-json\/wp\/v2\/pages\/1929"}],"collection":[{"href":"https:\/\/academiaolhodehorus.com.br\/index.php\/wp-json\/wp\/v2\/pages"}],"about":[{"href":"https:\/\/academiaolhodehorus.com.br\/index.php\/wp-json\/wp\/v2\/types\/page"}],"author":[{"embeddable":true,"href":"https:\/\/academiaolhodehorus.com.br\/index.php\/wp-json\/wp\/v2\/users\/2"}],"replies":[{"embeddable":true,"href":"https:\/\/academiaolhodehorus.com.br\/index.php\/wp-json\/wp\/v2\/comments?post=1929"}],"version-history":[{"count":27,"href":"https:\/\/academiaolhodehorus.com.br\/index.php\/wp-json\/wp\/v2\/pages\/1929\/revisions"}],"predecessor-version":[{"id":2038,"href":"https:\/\/academiaolhodehorus.com.br\/index.php\/wp-json\/wp\/v2\/pages\/1929\/revisions\/2038"}],"wp:attachment":[{"href":"https:\/\/academiaolhodehorus.com.br\/index.php\/wp-json\/wp\/v2\/media?parent=1929"}],"curies":[{"name":"wp","href":"https:\/\/api.w.org\/{rel}","templated":true}]}}